{"id":2,"date":"2026-04-09T11:27:38","date_gmt":"2026-04-09T11:27:38","guid":{"rendered":"https:\/\/reformasktani.rkinformatika.online\/?page_id=2"},"modified":"2026-04-14T08:43:46","modified_gmt":"2026-04-14T08:43:46","slug":"inicio","status":"publish","type":"page","link":"https:\/\/reformasktani.com\/eu\/","title":{"rendered":"Hasiera"},"content":{"rendered":"<div data-elementor-type=\"wp-page\" data-elementor-id=\"2\" class=\"elementor elementor-2\" data-elementor-post-type=\"page\">\n\t\t\t\t<div class=\"elementor-element elementor-element-36add61 e-flex e-con-boxed e-con e-parent\" data-id=\"36add61\" data-element_type=\"container\" data-e-type=\"container\" data-settings=\"{&quot;background_background&quot;:&quot;classic&quot;}\">\n\t\t\t\t\t<div class=\"e-con-inner\">\n\t\t\t\t<div class=\"elementor-element elementor-element-6a947bd elementor-widget elementor-widget-heading\" data-id=\"6a947bd\" data-element_type=\"widget\" data-e-type=\"widget\" data-widget_type=\"heading.default\">\n\t\t\t\t\t<h2 class=\"elementor-heading-title elementor-size-default\">Mohammed Benchkije ERREFORMAK<\/h2>\t\t\t\t<\/div>\n\t\t\t\t<div class=\"elementor-element elementor-element-2ba7ffb elementor-headline--style-highlight elementor-widget elementor-widget-animated-headline\" data-id=\"2ba7ffb\" data-element_type=\"widget\" data-e-type=\"widget\" data-settings=\"{&quot;marker&quot;:&quot;underline&quot;,&quot;headline_style&quot;:&quot;highlight&quot;,&quot;loop&quot;:&quot;yes&quot;,&quot;highlight_animation_duration&quot;:1200,&quot;highlight_iteration_delay&quot;:8000}\" data-widget_type=\"animated-headline.default\">\n\t\t\t\t\t\t\t<h3 class=\"elementor-headline\">\n\t\t\t\t\t<span class=\"elementor-headline-plain-text elementor-headline-text-wrapper\">Eraikuntzako eta erreformetako adituak<\/span>\n\t\t\t\t<span class=\"elementor-headline-dynamic-wrapper elementor-headline-text-wrapper\">\n\t\t\t\t<\/span>\n\t\t\t\t<\/h3>\n\t\t\t\t\t\t<\/div>\n\t\t\t\t\t<\/div>\n\t\t\t\t<\/div>\n\t\t<div class=\"elementor-element elementor-element-4a550d1 e-flex e-con-boxed e-con e-parent\" data-id=\"4a550d1\" data-element_type=\"container\" data-e-type=\"container\">\n\t\t\t\t\t<div class=\"e-con-inner\">\n\t\t<div class=\"elementor-element elementor-element-f430517 e-con-full e-flex e-con e-child\" data-id=\"f430517\" data-element_type=\"container\" data-e-type=\"container\">\n\t\t<div class=\"elementor-element elementor-element-4d8ec4d e-con-full e-flex e-con e-child\" data-id=\"4d8ec4d\" data-element_type=\"container\" data-e-type=\"container\" data-settings=\"{&quot;background_background&quot;:&quot;classic&quot;}\">\n\t\t\t\t<\/div>\n\t\t<div class=\"elementor-element elementor-element-edfd92e e-con-full e-flex e-con e-child\" data-id=\"edfd92e\" data-element_type=\"container\" data-e-type=\"container\">\n\t\t\t\t<div class=\"elementor-element elementor-element-725a042 elementor-widget elementor-widget-heading\" data-id=\"725a042\" data-element_type=\"widget\" data-e-type=\"widget\" data-widget_type=\"heading.default\">\n\t\t\t\t\t<h2 class=\"elementor-heading-title elementor-size-default\">Guri Buruz<\/h2>\t\t\t\t<\/div>\n\t\t\t\t<div class=\"elementor-element elementor-element-0bc96d2 elementor-widget elementor-widget-text-editor\" data-id=\"0bc96d2\" data-element_type=\"widget\" data-e-type=\"widget\" data-widget_type=\"text-editor.default\">\n\t\t\t\t\t\t\t\t\t<p data-start=\"96\" data-end=\"234\">Mohammed Benchkije eraikuntzan eta erreformetan espezializatutako profesionala da oro har, eta 4 urteko esperientzia du sektorean.<\/p><p data-start=\"236\" data-end=\"439\">Bere ibilbidean zehar, eraberritze eta eraikuntza lanen hainbat proiektutan parte hartu du, beti zerbitzu hurbila, arduratsua eta bezero bakoitzaren beharretara egokitua eskainiz.<\/p><p data-start=\"441\" data-end=\"599\">Mota guztietako berrikuntzetan aritzen gara, xehetasun bakoitza zainduz eta kalitatezko materialak erabiliz, emaitza iraunkorrak eta akabera profesionala bermatzeko.<\/p><p data-start=\"601\" data-end=\"775\">Seriotasunez, konpromisoz eta arreta pertsonalizatuz lan egiten dugu, soluzio eraginkorrak eskaintzeko eta gure bezeroen gogobetetzea lortzeko proiektu bakoitzean.<\/p>\t\t\t\t\t\t\t\t<\/div>\n\t\t\t\t<\/div>\n\t\t\t\t<\/div>\n\t\t\t\t\t<\/div>\n\t\t\t\t<\/div>\n\t\t<div class=\"elementor-element elementor-element-a7ec2db e-flex e-con-boxed e-con e-parent\" data-id=\"a7ec2db\" data-element_type=\"container\" data-e-type=\"container\" data-settings=\"{&quot;background_background&quot;:&quot;classic&quot;}\">\n\t\t\t\t\t<div class=\"e-con-inner\">\n\t\t<div class=\"elementor-element elementor-element-189d6a5 e-con-full e-flex e-con e-child\" data-id=\"189d6a5\" data-element_type=\"container\" data-e-type=\"container\" data-settings=\"{&quot;background_background&quot;:&quot;classic&quot;}\">\n\t\t\t\t<div class=\"elementor-element elementor-element-9eb3d63 elementor-widget elementor-widget-heading\" data-id=\"9eb3d63\" data-element_type=\"widget\" data-e-type=\"widget\" data-widget_type=\"heading.default\">\n\t\t\t\t\t<h2 class=\"elementor-heading-title elementor-size-default\">Ezagutu zure etxearen alde egin dezakegun guztia<\/h2>\t\t\t\t<\/div>\n\t\t\t\t<div class=\"elementor-element elementor-element-dd2303c elementor-widget elementor-widget-button\" data-id=\"dd2303c\" data-element_type=\"widget\" data-e-type=\"widget\" data-widget_type=\"button.default\">\n\t\t\t\t\t\t\t\t\t\t<a class=\"elementor-button elementor-button-link elementor-size-sm elementor-animation-grow\" href=\"\/eu\/servicios\/\">\n\t\t\t\t\t\t<span class=\"elementor-button-content-wrapper\">\n\t\t\t\t\t\t\t\t\t<span class=\"elementor-button-text\">Zerbitzuak<\/span>\n\t\t\t\t\t<\/span>\n\t\t\t\t\t<\/a>\n\t\t\t\t\t\t\t\t<\/div>\n\t\t\t\t<\/div>\n\t\t\t\t\t<\/div>\n\t\t\t\t<\/div>\n\t\t\t\t<\/div>","protected":false},"excerpt":{"rendered":"<p>Mohammed Benchkije REFORMAS Expertos en construcci\u00f3n y reformas Sobre Nosotros Mohammed Benchkije es un profesional especializado en construcci\u00f3n y reformas en general, con cerca de 4 a\u00f1os de experiencia en el sector. A lo largo de su trayectoria ha participado en diversos proyectos de reformas y trabajos de construcci\u00f3n, ofreciendo siempre un servicio cercano, responsable [&hellip;]<\/p>\n","protected":false},"author":1,"featured_media":0,"parent":0,"menu_order":0,"comment_status":"closed","ping_status":"closed","template":"elementor_canvas","meta":{"footnotes":""},"class_list":["post-2","page","type-page","status-publish","hentry"],"yoast_head":"<!-- This site is optimized with the Yoast SEO plugin v27.3 - https:\/\/yoast.com\/product\/yoast-seo-wordpress\/ -->\n<title>Inicio - Reformas Ktani<\/title>\n<meta name=\"robots\" content=\"index, follow, max-snippet:-1, max-image-preview:large, max-video-preview:-1\" \/>\n<link rel=\"canonical\" href=\"https:\/\/reformasktani.com\/eu\/\" \/>\n<meta property=\"og:locale\" content=\"en_US\" \/>\n<meta property=\"og:type\" content=\"article\" \/>\n<meta property=\"og:title\" content=\"Inicio - Reformas Ktani\" \/>\n<meta property=\"og:description\" content=\"Mohammed Benchkije REFORMAS Expertos en construcci\u00f3n y reformas Sobre Nosotros Mohammed Benchkije es un profesional especializado en construcci\u00f3n y reformas en general, con cerca de 4 a\u00f1os de experiencia en el sector. A lo largo de su trayectoria ha participado en diversos proyectos de reformas y trabajos de construcci\u00f3n, ofreciendo siempre un servicio cercano, responsable [&hellip;]\" \/>\n<meta property=\"og:url\" content=\"https:\/\/reformasktani.com\/eu\/\" \/>\n<meta property=\"og:site_name\" content=\"Reformas Ktani\" \/>\n<meta property=\"article:modified_time\" content=\"2026-04-14T08:43:46+00:00\" \/>\n<meta name=\"twitter:card\" content=\"summary_large_image\" \/>\n<meta name=\"twitter:label1\" content=\"Est. reading time\" \/>\n\t<meta name=\"twitter:data1\" content=\"1 minutua\" \/>\n<script type=\"application\/ld+json\" class=\"yoast-schema-graph\">{\"@context\":\"https:\\\/\\\/schema.org\",\"@graph\":[{\"@type\":\"WebPage\",\"@id\":\"https:\\\/\\\/reformasktani.com\\\/\",\"url\":\"https:\\\/\\\/reformasktani.com\\\/\",\"name\":\"Inicio - Reformas Ktani\",\"isPartOf\":{\"@id\":\"https:\\\/\\\/reformasktani.com\\\/#website\"},\"datePublished\":\"2026-04-09T11:27:38+00:00\",\"dateModified\":\"2026-04-14T08:43:46+00:00\",\"breadcrumb\":{\"@id\":\"https:\\\/\\\/reformasktani.com\\\/#breadcrumb\"},\"inLanguage\":\"eu\",\"potentialAction\":[{\"@type\":\"ReadAction\",\"target\":[\"https:\\\/\\\/reformasktani.com\\\/\"]}]},{\"@type\":\"BreadcrumbList\",\"@id\":\"https:\\\/\\\/reformasktani.com\\\/#breadcrumb\",\"itemListElement\":[{\"@type\":\"ListItem\",\"position\":1,\"name\":\"Portada\",\"item\":\"https:\\\/\\\/reformasktani.com\\\/\"},{\"@type\":\"ListItem\",\"position\":2,\"name\":\"Inicio\"}]},{\"@type\":\"WebSite\",\"@id\":\"https:\\\/\\\/reformasktani.com\\\/#website\",\"url\":\"https:\\\/\\\/reformasktani.com\\\/\",\"name\":\"Reformas Ktani\",\"description\":\"Experto en construcciones y reformas en Bilbao \\\/ 632 541 433\",\"publisher\":{\"@id\":\"https:\\\/\\\/reformasktani.com\\\/#organization\"},\"potentialAction\":[{\"@type\":\"SearchAction\",\"target\":{\"@type\":\"EntryPoint\",\"urlTemplate\":\"https:\\\/\\\/reformasktani.com\\\/?s={search_term_string}\"},\"query-input\":{\"@type\":\"PropertyValueSpecification\",\"valueRequired\":true,\"valueName\":\"search_term_string\"}}],\"inLanguage\":\"eu\"},{\"@type\":\"Organization\",\"@id\":\"https:\\\/\\\/reformasktani.com\\\/#organization\",\"name\":\"Reformas Ktani\",\"url\":\"https:\\\/\\\/reformasktani.com\\\/\",\"logo\":{\"@type\":\"ImageObject\",\"inLanguage\":\"eu\",\"@id\":\"https:\\\/\\\/reformasktani.com\\\/#\\\/schema\\\/logo\\\/image\\\/\",\"url\":\"https:\\\/\\\/reformasktani.com\\\/wp-content\\\/uploads\\\/2026\\\/04\\\/mohammedbenchkije202603_logoarriba.jpg\",\"contentUrl\":\"https:\\\/\\\/reformasktani.com\\\/wp-content\\\/uploads\\\/2026\\\/04\\\/mohammedbenchkije202603_logoarriba.jpg\",\"width\":550,\"height\":400,\"caption\":\"Reformas Ktani\"},\"image\":{\"@id\":\"https:\\\/\\\/reformasktani.com\\\/#\\\/schema\\\/logo\\\/image\\\/\"}}]}<\/script>\n<!-- \/ Yoast SEO plugin. -->","yoast_head_json":{"title":"Inicio - Reformas Ktani","robots":{"index":"index","follow":"follow","max-snippet":"max-snippet:-1","max-image-preview":"max-image-preview:large","max-video-preview":"max-video-preview:-1"},"canonical":"https:\/\/reformasktani.com\/eu\/","og_locale":"en_US","og_type":"article","og_title":"Inicio - Reformas Ktani","og_description":"Mohammed Benchkije REFORMAS Expertos en construcci\u00f3n y reformas Sobre Nosotros Mohammed Benchkije es un profesional especializado en construcci\u00f3n y reformas en general, con cerca de 4 a\u00f1os de experiencia en el sector. A lo largo de su trayectoria ha participado en diversos proyectos de reformas y trabajos de construcci\u00f3n, ofreciendo siempre un servicio cercano, responsable [&hellip;]","og_url":"https:\/\/reformasktani.com\/eu\/","og_site_name":"Reformas Ktani","article_modified_time":"2026-04-14T08:43:46+00:00","twitter_card":"summary_large_image","twitter_misc":{"Est. reading time":"1 minutua"},"schema":{"@context":"https:\/\/schema.org","@graph":[{"@type":"WebPage","@id":"https:\/\/reformasktani.com\/","url":"https:\/\/reformasktani.com\/","name":"Inicio - Reformas Ktani","isPartOf":{"@id":"https:\/\/reformasktani.com\/#website"},"datePublished":"2026-04-09T11:27:38+00:00","dateModified":"2026-04-14T08:43:46+00:00","breadcrumb":{"@id":"https:\/\/reformasktani.com\/#breadcrumb"},"inLanguage":"eu","potentialAction":[{"@type":"ReadAction","target":["https:\/\/reformasktani.com\/"]}]},{"@type":"BreadcrumbList","@id":"https:\/\/reformasktani.com\/#breadcrumb","itemListElement":[{"@type":"ListItem","position":1,"name":"Portada","item":"https:\/\/reformasktani.com\/"},{"@type":"ListItem","position":2,"name":"Inicio"}]},{"@type":"WebSite","@id":"https:\/\/reformasktani.com\/#website","url":"https:\/\/reformasktani.com\/","name":"Reformas Ktani","description":"Experto en construcciones y reformas en Bilbao \/ 632 541 433","publisher":{"@id":"https:\/\/reformasktani.com\/#organization"},"potentialAction":[{"@type":"SearchAction","target":{"@type":"EntryPoint","urlTemplate":"https:\/\/reformasktani.com\/?s={search_term_string}"},"query-input":{"@type":"PropertyValueSpecification","valueRequired":true,"valueName":"search_term_string"}}],"inLanguage":"eu"},{"@type":"Organization","@id":"https:\/\/reformasktani.com\/#organization","name":"Reformas Ktani","url":"https:\/\/reformasktani.com\/","logo":{"@type":"ImageObject","inLanguage":"eu","@id":"https:\/\/reformasktani.com\/#\/schema\/logo\/image\/","url":"https:\/\/reformasktani.com\/wp-content\/uploads\/2026\/04\/mohammedbenchkije202603_logoarriba.jpg","contentUrl":"https:\/\/reformasktani.com\/wp-content\/uploads\/2026\/04\/mohammedbenchkije202603_logoarriba.jpg","width":550,"height":400,"caption":"Reformas Ktani"},"image":{"@id":"https:\/\/reformasktani.com\/#\/schema\/logo\/image\/"}}]}},"_links":{"self":[{"href":"https:\/\/reformasktani.com\/eu\/wp-json\/wp\/v2\/pages\/2","targetHints":{"allow":["GET"]}}],"collection":[{"href":"https:\/\/reformasktani.com\/eu\/wp-json\/wp\/v2\/pages"}],"about":[{"href":"https:\/\/reformasktani.com\/eu\/wp-json\/wp\/v2\/types\/page"}],"author":[{"embeddable":true,"href":"https:\/\/reformasktani.com\/eu\/wp-json\/wp\/v2\/users\/1"}],"replies":[{"embeddable":true,"href":"https:\/\/reformasktani.com\/eu\/wp-json\/wp\/v2\/comments?post=2"}],"version-history":[{"count":44,"href":"https:\/\/reformasktani.com\/eu\/wp-json\/wp\/v2\/pages\/2\/revisions"}],"predecessor-version":[{"id":219,"href":"https:\/\/reformasktani.com\/eu\/wp-json\/wp\/v2\/pages\/2\/revisions\/219"}],"wp:attachment":[{"href":"https:\/\/reformasktani.com\/eu\/wp-json\/wp\/v2\/media?parent=2"}],"curies":[{"name":"wp","href":"https:\/\/api.w.org\/{rel}","templated":true}]}}